{"id":53,"date":"2023-10-17T23:20:12","date_gmt":"2023-10-17T21:20:12","guid":{"rendered":"https:\/\/www.groupsplanner.com\/?page_id=53"},"modified":"2023-11-13T16:41:32","modified_gmt":"2023-11-13T15:41:32","slug":"politica-de-privacidad","status":"publish","type":"page","link":"https:\/\/www.groupsplanner.com\/es\/politica-de-privacidad\/","title":{"rendered":"Pol\u00edtica de privacidad"},"content":{"rendered":"<div>\n<p><strong>\u00bfQui\u00e9n es el Responsable de tratamiento de sus datos?<\/strong><\/p>\n<p>El site groupsplanner.com con url https:\/\/www.groupsplanner.com (en adelante, el Sitio Web) es propiedad de Pixeldreams, C.B (groupsplanner.com) con domicilo en Jaume I el Conqueridor, 9<br \/>43540 Sant Carles de la R\u00e0pita (Tarragona), CIF E-43841477<\/p>\n<\/div>\n<div>\u00a0<\/div>\n<div><b>\u00bfTipo de datos y como se han obtenido?<\/b><\/div>\n<div>Cuando visitas nuestra p\u00e1gina web se nos transmite cierta informaci\u00f3n, por ejemplo, el tipo y la versi\u00f3n de tu navegador, sistema operativo o la p\u00e1gina web de la que ven\u00edas cuando visitaste la p\u00e1gina. Estos datos son usados exclusivamente para mejorar la popularidad, contenido y funcionalidad de nuestra p\u00e1gina web. Cada vez que colectamos datos personales o profesionales (direcci\u00f3n de correo electr\u00f3nico, nombre,&#8230;) es porque han sido proporcionados por el visitante de manera voluntaria.<\/div>\n<div>\u00a0<\/div>\n<div><b>Procesamiento y finalidad de la obtenci\u00f3n de lo datos.<\/b><\/div>\n<div>\n<ol>\n<li>La prestaci\u00f3n de los servicios ofrecidos en el Sitio Web.<\/li>\n<li>Enviar comunicacionesa los Usuarios por carta, tel\u00e9fono, correo electr\u00f3nico, SMS\/MMS, mensajer\u00eda instant\u00e1nea o por otros medios de comunicaci\u00f3n equivalentes relacionadas con los servicios, siempre y cuando el Usuario haya consentido esta finalidad de tratamiento de datos personales.<\/li>\n<\/ol>\n<p>Asimismo, el Usuario consiente el tratamiento de sus datos para la elaboraci\u00f3n de perfiles, as\u00ed como para la segmentaci\u00f3n de sus datos. Los citados tratamientos pueden tener como finalidad tanto el an\u00e1lisis y realizaci\u00f3n de estad\u00edsticas para conocer el tr\u00e1fico y utilizaci\u00f3n del Sitio Web por parte de los Usuarios, como la determinaci\u00f3n de sus gustos y preferencias para remitirle informaci\u00f3n promocional acorde con sus intereses.<\/p>\n<p><strong>En ning\u00fan caso tratamos datos especialmente protegidos:<\/strong><\/p>\n<p>Todos los datos arriba mencionados los hemos directamente de Usted. Ser\u00e1 una obligaci\u00f3n suya o de su empresa facilitarnos los datos actualizados en caso de modificaci\u00f3n.<\/p>\n<p><strong>Por cu\u00e1nto tiempo conservaremos sus datos:<\/strong><\/p>\n<p>Los datos personales relativos a personas f\u00edsicas vinculadas a clientes potenciales, clientes y proveedores que recopilemos mediante los distintos formularios de contacto y\/o recogida de informaci\u00f3n se conservar\u00e1n mientras no se solicite su supresi\u00f3n por el interesado. Los datos proporcionados por nuestros clientes y proveedores se conservar\u00e1n mientras se mantenga la relaci\u00f3n mercantil entre las partes respetando en cualquier caso los plazos m\u00ednimos legales de conservaci\u00f3n seg\u00fan la materia.<\/p>\n<p>En cualquier caso guardaremos sus datos personales durante el per\u00edodo de tiempo que sea razonablemente necesario teniendo en cuenta nuestras necesidades de dar respuesta a cuestiones que se planteen o resolver problemas, realizar mejoras, activar nuevos servicios y cumplir los requisitos que exija la legislaci\u00f3n aplicable. Esto significa que podemos conservar tus datos personales durante un per\u00edodo de tiempo razonable incluso despu\u00e9s de que haya dejado de usar nuestros productos o de que haya dejado de usar esta p\u00e1gina web. Despu\u00e9s de este per\u00edodo, sus datos personales ser\u00e1n eliminados de todos nuestros sistemas.<\/p>\n<p>Cu\u00e1l es la base de legitimaci\u00f3n para el tratamiento de sus datos<\/p>\n<p><b>Base de legitimiaci\u00f3n<\/b><\/p>\n<\/div>\n<div>\u00a0<\/div>\n<div>Los datos de los Usuarios que se recaban a trav\u00e9s de los formularios de registro online disponibles en los Sitios Web son recabados por groupsplanner.com con la finalidad de poder prestarles los Servicios ofrecidos a trav\u00e9s del Sitio Web<\/div>\n<div>\n<p><strong>A que destinatarios se comunicar\u00e1n sus datos:<\/strong><\/p>\n<p>No cederemos sus datos personales a ninguna empresa tercera que pretenda utilizarlos en sus acciones de marketing directo, excepto en el caso de que nos haya autorizado expresamente a ello.<\/p>\n<p>Le informamos que podemos facilitar sus datos personales a organismos de la Administraci\u00f3n P\u00fablica y Autoridades competentes en aquellos casos en que nos requieran legalmente o en los casos en que, actuando de buena fe, consideremos que tal acci\u00f3n es razonablemente necesaria para cumplir con un proceso judicial; para contestar cualquier reclamaci\u00f3n o demanda jur\u00eddica; o para proteger los derechos de la empresa o sus clientes y el p\u00fablico en general.<\/p>\n<p>Le informamos que sus datos no van a ser cedidos o comunicados a terceros la empresa la \u00fanica responsable para su tratamiento y custodia.<\/p>\n<p>S\u00ed proporcionaremos sus datos personales a terceras personas (Ej. proveedores de servicios de Internet que nos ayudan a administrar nuestra p\u00e1gina web o llevar a cabo los servicios contratados, empresas de soporte y mantenimiento inform\u00e1tico, empresas de log\u00edstica, gestor\u00edas y asesoramiento fiscal y contable, etc.). En cualquier caso, estas terceras personas deben mantener, en todo momento, los mismos niveles de seguridad que nosotros en relaci\u00f3n a sus datos personales y, cuando sea necesario, estar\u00e1n vinculadas por compromisos legales a fin de guardar sus datos personales de forma privada y segura, y tambi\u00e9n para utilizar \u00fanicamente la informaci\u00f3n siguiendo instrucciones espec\u00edficas de la empresa.<\/p>\n<p><strong>Cu\u00e1les son sus derechos como interesado:<\/strong><\/p>\n<p>Cualquier persona tiene derecho a obtener confirmaci\u00f3n sobre si estamos tratando datos personales que le conciernan, o no.<\/p>\n<p>En concreto, las personas interesadas pueden solicitar el derecho de acceso a sus datos personales, as\u00ed como recibirlos en un formato com\u00fan y lectura mecanizada si el tratamiento se efect\u00faa por medios electr\u00f3nicos (derecho de portabilidad).<\/p>\n<p>Asimismo, las personas interesadas pueden solicitar el derecho de rectificaci\u00f3n de los datos inexactos o, en su caso, solicitar su supresi\u00f3n cuando, entre otros motivos, los datos ya no sean necesarios para los fines que fueron recogidos.<\/p>\n<p>Complementariamente, en determinadas circunstancias, los interesados podr\u00e1n solicitar la limitaci\u00f3n del tratamiento de sus datos, o en determinadas circunstancias y por motivos relacionados con su situaci\u00f3n particular, los interesados podr\u00e1n ejercitar su derecho a oponerse al tratamiento de sus datos. Dejaremos de tratar los datos, salvo por motivos leg\u00edtimos imperiosos, o el ejercicio o la defensa de posibles reclamaciones o en aquellas excepciones establecidas en la normativa aplicable.<\/p>\n<p>Asimismo, le informamos que tiene derecho a retirar sus consentimientos otorgados en cualquier momento, sin que ello afecte a la licitud del tratamiento basado en el consentimiento previo a su retirada.<\/p>\n<p>As\u00ed mismo se informa al Usuario que en cualquier momento puede ejercitar los mencionados derechos dirigi\u00e9ndose por escrito a nosotros utilizando los datos de contacto que aparecen en el Expositivo 1 del presente Aviso Legal, adjuntando copia de su DNI.<\/p>\n<p><b>Seguridad de los datos<\/b><\/p>\n<p>La protecci\u00f3n de la privacidad y los datos personales de sus clientes y visitantes es muy importante para groupsplanner.com. Por lo tanto, groupsplanner.com hace todo lo que est\u00e1 en su mano para impedir que sus datos se utilicen de forma inadecuada. A sus datos solo puede acceder el personal autorizado.<\/p>\n<p>groupsplanner.com mantiene los niveles de seguridad de protecci\u00f3n de datos personales conforme a la normativa aplicable y ha establecido todos los medios t\u00e9cnicos a su alcance para evitar la p\u00e9rdida, mal uso, alteraci\u00f3n, acceso no autorizado y robo de los datos que el Usuario facilite a trav\u00e9s de los Sitios Web, sin perjuicio de informarle de que las medidas de seguridad en Internet no son inexpugnables.<\/p>\n<p>groupsplanner.com se compromete a cumplir con el deber de secreto y confidencialidad respecto de los datos personales de acuerdo con la legislaci\u00f3n aplicable, as\u00ed como a conferirles un tratamiento seguro en las cesiones y transferencias internacionales de datos que, en su caso, puedan producirse.<\/p>\n<p><strong>Imagenes<\/strong><\/p>\n<p>Las im\u00e1genes de los tours son propiedad de sus respectivos suppliers, cualquier incid\u00e9ncia en relaci\u00f3n a ellas no ser\u00e1 en ning\u00fan caso responsabilidad del sitio, pero si estaremos encantados de atender cualquier consulta al respeto. Por ejemplo una solicitud de retirada en caso de confirmar que vulnera alg\u00fan derecho.<\/p>\n<p><b>Preguntas<\/b><\/p>\n<p>Si tiene alguna pregunta sobre esta pol\u00edtica de privacidad, rogamos que se ponga en contacto con nosotros enviando un email a info@groupsplanner.com<\/p>\n<p><b>Aceptaci\u00f3n y Consentimiento<\/b><\/p>\n<p>El Usuario declara haber sido informado de las condiciones sobre protecci\u00f3n de datos personales, aceptando y consintiendo el tratamiento de los mismos por parte de groupsplanner.com, en la forma y para las finalidades indicadas en la presente Pol\u00edtica de Privacidad<\/p>\n<\/div>\n","protected":false},"excerpt":{"rendered":"<p>\u00bfQui\u00e9n es el Responsable de tratamiento de sus datos? El site groupsplanner.com con url https:\/\/www.groupsplanner.com (en adelante, el Sitio Web) es propiedad de Pixeldreams, C.B (groupsplanner.com) con domicilo en Jaume I el Conqueridor, 943540 Sant Carles de la R\u00e0pita (Tarragona), CIF E-43841477 \u00a0 \u00bfTipo de datos y como se han obtenido? Cuando visitas nuestra p\u00e1gina [&hellip;]<\/p>\n","protected":false},"author":1,"featured_media":0,"parent":0,"menu_order":0,"comment_status":"closed","ping_status":"open","template":"page-template-default-noimg.php","meta":{"footnotes":""},"class_list":["post-53","page","type-page","status-publish","hentry"],"_links":{"self":[{"href":"https:\/\/www.groupsplanner.com\/es\/wp-json\/wp\/v2\/pages\/53","targetHints":{"allow":["GET"]}}],"collection":[{"href":"https:\/\/www.groupsplanner.com\/es\/wp-json\/wp\/v2\/pages"}],"about":[{"href":"https:\/\/www.groupsplanner.com\/es\/wp-json\/wp\/v2\/types\/page"}],"author":[{"embeddable":true,"href":"https:\/\/www.groupsplanner.com\/es\/wp-json\/wp\/v2\/users\/1"}],"replies":[{"embeddable":true,"href":"https:\/\/www.groupsplanner.com\/es\/wp-json\/wp\/v2\/comments?post=53"}],"version-history":[{"count":1,"href":"https:\/\/www.groupsplanner.com\/es\/wp-json\/wp\/v2\/pages\/53\/revisions"}],"predecessor-version":[{"id":54,"href":"https:\/\/www.groupsplanner.com\/es\/wp-json\/wp\/v2\/pages\/53\/revisions\/54"}],"wp:attachment":[{"href":"https:\/\/www.groupsplanner.com\/es\/wp-json\/wp\/v2\/media?parent=53"}],"curies":[{"name":"wp","href":"https:\/\/api.w.org\/{rel}","templated":true}]}}