{"id":55,"date":"2023-11-13T16:44:03","date_gmt":"2023-11-13T15:44:03","guid":{"rendered":"https:\/\/www.groupsplanner.com\/?page_id=55"},"modified":"2024-01-16T22:29:43","modified_gmt":"2024-01-16T21:29:43","slug":"aviso-legal","status":"publish","type":"page","link":"https:\/\/www.groupsplanner.com\/es\/aviso-legal\/","title":{"rendered":"Aviso legal"},"content":{"rendered":"<section class=\"wpb-content-wrapper\"><p>[vc_row][vc_column][vc_column_text]<\/p>\n<p><strong>Aviso Legal y Condiciones Generales<\/strong><\/p>\n<p>El site groupsplanner.com con url https:\/\/www.groupsplanner.com (en adelante, el Sitio Web) es propiedad de Pixeldreams, C.B (en adelante groupsplanner.com)<br \/>\nA continuaci\u00f3n se exponen los t\u00e9rminos y condiciones de uso del sitio, en cumplimiento de la Ley 34\/2002 de Servicios de la Informaci\u00f3n y de Comercio Electr\u00f3nico (LSSI) le informamos de los siguientes datos:<\/p>\n<p>groupsplanner.com<\/p>\n<p>Pixeldreams, C.B<br \/>\nJaume I el Conqueridor, 9<br \/>\n43540 Sant Carles de la R\u00e0pita (Tarragona)<br \/>\nNIF E-43841477<br \/>\ninfo@groupsplanner.com<\/p>\n<p>Los derechos de propiedad intelectual de la web, dise\u00f1o gr\u00e1fico y c\u00f3digo, son titularidad de groupsplanner.com o de aquellos que los han cedido a groupsplanner.com para su utilizaci\u00f3n y no se permite la reproducci\u00f3n total o parcial de esta web, ni su tratamiento inform\u00e1tico, su distribuci\u00f3n, su difusi\u00f3n, ni su modificaci\u00f3n, transformaci\u00f3n o descompilaci\u00f3n, sin el permiso previo y por escrito de su titular, groupsplanner.com.<\/p>\n<p>\u2022 groupsplanner.com. no ser\u00e1 responsable de los da\u00f1os y perjuicios producidos o que puedan producirse, ni de los defectos t\u00e9cnicos, cualquiera que sea su naturaleza, que se deriven del uso de la informaci\u00f3n y de las materias contenidas en su web site. Los enlaces (Links) e hipertexto que posibiliten, a trav\u00e9s de https:\/\/www.groupsplanner.com, acceder al usuario a prestaciones y servicios ofrecidos por terceros, no pertenecen ni se encuentran bajo el control de groupsplanner.com.; dicha entidad no se hace responsable ni de la informaci\u00f3n contenida en los mismos ni de cualquier efecto que pudieran derivarse de dicha informaci\u00f3n.<\/p>\n<p>\u2022 groupsplanner.com no se hace responsable del incumplimiento de cualquier norma aplicable en que pueda incurrir el usuario en su acceso al website https:\/\/www.groupsplanner.com y\/o en el uso de las informaciones contenidas en el mismo.<\/p>\n<p>\u2022 groupsplanner.com. podr\u00e1 modificar, sin previo aviso, la informaci\u00f3n contenida en el Web-Site https:\/\/www.groupsplanner.com.<\/p>\n<p>\u2022 groupsplanner.com no se hace responsable de la privacidad o del contenido de los sitios con los que se mantienen enlaces. La informaci\u00f3n que los usuarios den en esas p\u00e1ginas, mediante la cumplimentaci\u00f3n de formularios o en la realizaci\u00f3n de compras, es manejada por sus responsables. Se recomienda, para evitar cualquier problema, informarse en relaci\u00f3n a las pol\u00edticas de privacidad de esos sitios.<\/p>\n<p>\u2022 groupsplanner.com. no se hace responsable del uso ileg\u00edtimo que terceras personas puedan hacer de los nombres de marca, nombres de producto, marcas comerciales que, no siendo propiedad de dicha entidad, aparezcan en el website https:\/\/www.groupsplanner.com. Tampoco se responsabiliza de la integridad, veracidad y licitud del contenido de los enlaces a las webs a las que pueda accederse desde https:\/\/www.groupsplanner.com.<\/p>\n<p>\u2022 El usuario es el \u00fanico responsable del uso que realice de los servicios, contenidos, enlaces (links) e hipertexto incluidos en el website https:\/\/www.groupsplanner.com<\/p>\n<p>Condiciones generales de venta de servicios tur\u00edsticos:<\/p>\n<p>\u2022 groupsplanner.com ha desarrollado el presente Sitio Web para ofrecer a los Usuarios un servicio de reserva de actividades, excursiones y visitas guiadas.<br \/>\n\u2022 Al contratar los servicios del Sitio Web, los Usuarios aceptan las presentes Condiciones Generales de Uso, las cuales definen los derechos y obligaciones de groupsplanner.com y los Usuarios en el marco del Sitio Web.<\/p>\n<p>Estas son las \u00fanicas Condiciones Generales de Uso aplicables al uso del Sitio Web (sin perjuicio de que para determinados servicios podr\u00edan existir condiciones particulares)<\/p>\n<p>\u2022 Estos servicios tur\u00edsticos no son prestados por groupsplanner.com sino por la empresa organizadora de la experiencia y que consta en cada una de las ofertas, siendo ellas las responsables de la correcta prestaci\u00f3n del servicio. groupsplanner.com ofrece exclusivamente su sistema para la reserva de los servicios de los diferentes proveedores.<\/p>\n<p>\u2022 La venta se entiende realizada en el domicilio social de cada vendedor y el comprar a trav\u00e9s de este portal implica la aceptaci\u00f3n de las condiciones generales y particulares. Es el proveedor quien podr\u00e1 emitir factura<\/p>\n<p>\u2022 Las reservas que cada Usuario realice a trav\u00e9s del Sitio Web est\u00e1n sujetas a las condiciones espec\u00edficas que le sean de aplicaci\u00f3n a cada actividad, excursi\u00f3n o visita guiada.<\/p>\n<p>\u2022 El tiempo de antelaci\u00f3n m\u00ednima para cada reserva var\u00eda en funci\u00f3n de la actividad, excursi\u00f3n y\/o visita guiada que se desee reservar.<\/p>\n<p>\u2022 El punto de encuentro, la fecha, el horario, la duraci\u00f3n y toda la informaci\u00f3n de la actividad, excursi\u00f3n y\/o visita guiada reservada, est\u00e1 detallada en la ficha de descripci\u00f3n de cada servicio, y tambi\u00e9n en el email de confirmaci\u00f3n.<\/p>\n<p>\u2022 Si hay alguna cuesti\u00f3n en relaci\u00f3n con el servicio reservado, por ejemplp con el punto de encuentro, el usuario podr\u00e1 contactar con el proveedor al tel\u00e9fono de contacto que aparece en el email de confirmaci\u00f3n.<\/p>\n<p>\u2022 Cada producto puede tener una pol\u00edtica de cancelaciones espec\u00edfica.<\/p>\n<p>\u2022 Las compras efectuadas en esta web, mediante tarjetas o transferencias emitidas por cualquier financiera nacional o extranjera en que se efect\u00fae la autenticaci\u00f3n de la identidad del titular de la tarjeta, son gestionadas por las diferentes entidades bancarias. Como norma general todos los pagos se deben efectuar en euros, independientemente del sistema de pago y pa\u00eds procedente de la compra.<\/p>\n<p>\u2022 Exclusi\u00f3n de responsabilidad: groupsplanner.com no se hace responsable en casos de cancelaciones realizadas fuera de plazo seg\u00fan la pol\u00edtica de cancelaci\u00f3n aplicable a cada servicio, retrasos u errores cometidos por parte del usuario (puntualidad o retraso), no presentaci\u00f3n de bono impreso o m\u00f3vil seg\u00fan el caso, da\u00f1os, robos, lesiones o accidentes que pueda sufrir el usuario, de las condiciones meteorol\u00f3gicas, de la calidad del servicio.<\/p>\n<p>\u2022 Las im\u00e1genes de los tours son propiedad de sus respectivos suppliers, cualquier incid\u00e9ncia en relaci\u00f3n a ellas no ser\u00e1 en ning\u00fan caso responsabilidad del sitio, pero si estaremos encantados de atender cualquier consulta al respeto. Por ejemplo una solicitud de retirada en caso de confirmar que vulnera alg\u00fan derecho.<\/p>\n<p>\u2022 Las presentes Condiciones Generales de Uso se regir\u00e1n por la legislaci\u00f3n espa\u00f1ola. En caso de litigio sobre la interpretaci\u00f3n, ejecuci\u00f3n o validez de estas Condiciones Generales de Uso, ser\u00e1n competentes los Juzgados y Tribunales de Tarragona.<\/p>\n<p>\u2022 Informamos que seg\u00fan el Art. 14.1 del Reglamento (UE) 524-2013, se ha facilitado por parte de la Comisi\u00f3n Europea una plataforma de resoluci\u00f3n de litigios en l\u00ednea que se encuentra disponible en el siguiente enlace: https:\/\/ec.europa.eu\/consumers\/odr.<\/p>\n<p>DE CONFORMIDAD CON LO ANTERIOR, Y MEDIANTE LA ACEPTACI\u00d3N DE LAS PRESENTES CONDICIONES GENERALES DE USO, LOS USUARIOS DECLARAN HABER LE\u00cdDO Y ACEPTADO LAS MISMAS<\/p>\n<p>[\/vc_column_text][\/vc_column][\/vc_row]<\/p>\n<\/section>","protected":false},"excerpt":{"rendered":"<p>[vc_row][vc_column][vc_column_text] Aviso Legal y Condiciones Generales El site groupsplanner.com con url https:\/\/www.groupsplanner.com (en adelante, el Sitio Web) es propiedad de Pixeldreams, C.B (en adelante groupsplanner.com) A continuaci\u00f3n se exponen los t\u00e9rminos y condiciones de uso del sitio, en cumplimiento de la Ley 34\/2002 de Servicios de la Informaci\u00f3n y de Comercio Electr\u00f3nico (LSSI) le informamos [&hellip;]<\/p>\n","protected":false},"author":1,"featured_media":0,"parent":0,"menu_order":0,"comment_status":"closed","ping_status":"open","template":"page-template-default-noimg.php","meta":{"footnotes":""},"class_list":["post-55","page","type-page","status-publish","hentry"],"_links":{"self":[{"href":"https:\/\/www.groupsplanner.com\/es\/wp-json\/wp\/v2\/pages\/55","targetHints":{"allow":["GET"]}}],"collection":[{"href":"https:\/\/www.groupsplanner.com\/es\/wp-json\/wp\/v2\/pages"}],"about":[{"href":"https:\/\/www.groupsplanner.com\/es\/wp-json\/wp\/v2\/types\/page"}],"author":[{"embeddable":true,"href":"https:\/\/www.groupsplanner.com\/es\/wp-json\/wp\/v2\/users\/1"}],"replies":[{"embeddable":true,"href":"https:\/\/www.groupsplanner.com\/es\/wp-json\/wp\/v2\/comments?post=55"}],"version-history":[{"count":1,"href":"https:\/\/www.groupsplanner.com\/es\/wp-json\/wp\/v2\/pages\/55\/revisions"}],"predecessor-version":[{"id":58,"href":"https:\/\/www.groupsplanner.com\/es\/wp-json\/wp\/v2\/pages\/55\/revisions\/58"}],"wp:attachment":[{"href":"https:\/\/www.groupsplanner.com\/es\/wp-json\/wp\/v2\/media?parent=55"}],"curies":[{"name":"wp","href":"https:\/\/api.w.org\/{rel}","templated":true}]}}